{"id":31,"date":"2015-03-21T16:38:30","date_gmt":"2015-03-21T16:38:30","guid":{"rendered":"http:\/\/31.217.196.205\/~mrqxsqrz\/valk_www\/?page_id=31"},"modified":"2025-02-14T21:51:39","modified_gmt":"2025-02-14T19:51:39","slug":"etusivu_1-7","status":"publish","type":"page","link":"https:\/\/www.valkeaunelma.fi\/valk_www\/","title":{"rendered":"Etusivu"},"content":{"rendered":"<div class=\"wp-block-image\">\n<figure class=\"aligncenter\"><img data-recalc-dims=\"1\" loading=\"lazy\" decoding=\"async\" width=\"604\" height=\"321\" src=\"https:\/\/i0.wp.com\/www.valkeaunelma.fi\/valk_www\/wp-content\/uploads\/2015\/03\/etusivun_kuva.png?resize=604%2C321&#038;ssl=1\" alt=\"etusivun_kuva\" class=\"wp-image-28\" srcset=\"https:\/\/i0.wp.com\/www.valkeaunelma.fi\/valk_www\/wp-content\/uploads\/2015\/03\/etusivun_kuva.png?resize=1024%2C545&amp;ssl=1 1024w, https:\/\/i0.wp.com\/www.valkeaunelma.fi\/valk_www\/wp-content\/uploads\/2015\/03\/etusivun_kuva.png?resize=300%2C160&amp;ssl=1 300w, https:\/\/i0.wp.com\/www.valkeaunelma.fi\/valk_www\/wp-content\/uploads\/2015\/03\/etusivun_kuva.png?w=1185&amp;ssl=1 1185w\" sizes=\"auto, (max-width: 604px) 100vw, 604px\" \/><\/figure>\n<\/div>\n\n\n<p><\/p>\n\n\n\n<div class=\"art-content-layout\">\n<div class=\"art-content-layout-row\">\n<div class=\"art-layout-cell art-content\">\n<div class=\"blog-featured\">\n<div class=\"items-leading\">\n<div class=\"leading-0\">\n<div class=\"art-post\">\n<div class=\"art-post-body\">\n<div class=\"art-post-inner\">\n<div class=\"art-postcontent\">\n<div class=\"art-article\">\n<p style=\"text-align: center;\">Uuswanhaa maalaisromanttista omaa tuotantoa, omaksi iloksi kuin my\u00f6s lahjaksi!<br>H\u00e4\u00e4t, risti\u00e4iset, uusi koti, rakkaus\u2026<\/p>\n<p style=\"text-align: center;\">Romanttiseen, tunnelmalliseen, vanhaan ja vaaleaan sisustukseen. Uniikkeja, uutta ja vanhaa, \u201duuden el\u00e4m\u00e4n\u201d saaneita tuotoksia. Tuunaus ja sisustus ovat l\u00e4hinn\u00e4 syd\u00e4nt\u00e4ni \u2013 luo kodistasi unelmiesi tila asua. Taidolla ja huolella valmistettu, ripaus rakkautta ja vain mielikuvitus on rajana. Sivuillani on my\u00f6s piensuuria remonttipuuhasteluja sek\u00e4 muuta puuhastelua ja entis\u00f6inti\u00e4 niin omaksi iloksi kuin my\u00f6s toisten inspiraatioksi.<\/p>\n<p style=\"text-align: center;\">Ota yhteytt\u00e4&nbsp;<a title=\"Ota yhteytt\u00e4 !\" href=\"https:\/\/www.valkeaunelma.fi\/valk_www\/?page_id=663\" data-wplink-edit=\"true\">yhteydenottolomakkeella<\/a>&nbsp;jos jokin tuote kiinnostaa. Sivuilla olevat kuvat ovat esimerkkej\u00e4 siit\u00e4 mit\u00e4 olen tuunaillut ja puuhastellut vuosien varrella rakkaan harrastukseni parissa.<\/p>\n<p style=\"text-align: center;\">K\u00e4sity\u00f6sivut on perustettu 2011<span style=\"color: #000000;\"><a style=\"color: #000000;\" href=\"https:\/\/www.valkeaunelma.fi\/valk_www\/wp-admin\/\">.<\/a><\/span><\/p>\n<\/div>\n<\/div>\n<\/div>\n<\/div>\n<\/div>\n<\/div>\n<\/div>\n<\/div>\n<\/div>\n<\/div>\n<\/div>\n","protected":false},"excerpt":{"rendered":"<p>Uuswanhaa maalaisromanttista omaa tuotantoa, omaksi iloksi kuin my\u00f6s lahjaksi!H\u00e4\u00e4t, risti\u00e4iset, uusi koti, rakkaus\u2026 Romanttiseen, tunnelmalliseen, vanhaan ja vaaleaan sisustukseen. Uniikkeja, uutta ja vanhaa, \u201duuden el\u00e4m\u00e4n\u201d saaneita tuotoksia. Tuunaus ja sisustus ovat l\u00e4hinn\u00e4 syd\u00e4nt\u00e4ni \u2013 luo kodistasi unelmiesi tila asua. Taidolla ja huolella valmistettu, ripaus rakkautta ja vain mielikuvitus on rajana. Sivuillani on my\u00f6s piensuuria remonttipuuhasteluja &hellip; <a href=\"https:\/\/www.valkeaunelma.fi\/valk_www\/\" class=\"more-link\">Jatka lukemista <span class=\"screen-reader-text\">Etusivu<\/span> <span class=\"meta-nav\">&rarr;<\/span><\/a><\/p>\n","protected":false},"author":2,"featured_media":0,"parent":7429,"menu_order":0,"comment_status":"closed","ping_status":"closed","template":"","meta":{"ngg_post_thumbnail":0,"footnotes":""},"class_list":["post-31","page","type-page","status-publish","hentry"],"jetpack_sharing_enabled":true,"_links":{"self":[{"href":"https:\/\/www.valkeaunelma.fi\/valk_www\/index.php?rest_route=\/wp\/v2\/pages\/31","targetHints":{"allow":["GET"]}}],"collection":[{"href":"https:\/\/www.valkeaunelma.fi\/valk_www\/index.php?rest_route=\/wp\/v2\/pages"}],"about":[{"href":"https:\/\/www.valkeaunelma.fi\/valk_www\/index.php?rest_route=\/wp\/v2\/types\/page"}],"author":[{"embeddable":true,"href":"https:\/\/www.valkeaunelma.fi\/valk_www\/index.php?rest_route=\/wp\/v2\/users\/2"}],"replies":[{"embeddable":true,"href":"https:\/\/www.valkeaunelma.fi\/valk_www\/index.php?rest_route=%2Fwp%2Fv2%2Fcomments&post=31"}],"version-history":[{"count":7,"href":"https:\/\/www.valkeaunelma.fi\/valk_www\/index.php?rest_route=\/wp\/v2\/pages\/31\/revisions"}],"predecessor-version":[{"id":11969,"href":"https:\/\/www.valkeaunelma.fi\/valk_www\/index.php?rest_route=\/wp\/v2\/pages\/31\/revisions\/11969"}],"up":[{"embeddable":true,"href":"https:\/\/www.valkeaunelma.fi\/valk_www\/index.php?rest_route=\/wp\/v2\/posts\/7429"}],"wp:attachment":[{"href":"https:\/\/www.valkeaunelma.fi\/valk_www\/index.php?rest_route=%2Fwp%2Fv2%2Fmedia&parent=31"}],"curies":[{"name":"wp","href":"https:\/\/api.w.org\/{rel}","templated":true}]}}