{"id":4,"date":"2015-03-21T15:30:39","date_gmt":"2015-03-21T15:30:39","guid":{"rendered":"http:\/\/31.217.196.205\/~mrqxsqrz\/valk_www\/?page_id=4"},"modified":"2017-02-19T16:28:27","modified_gmt":"2017-02-19T16:28:27","slug":"mina","status":"publish","type":"page","link":"https:\/\/www.valkeaunelma.fi\/valk_www\/?page_id=4","title":{"rendered":"Min\u00e4"},"content":{"rendered":"<p>Perheellinen nelj\u00e4n ihanan lapsen \u00e4iti. Perheeseen kuuluu my\u00f6s rakas aviomieheni sek\u00e4 karvaiset ja karvattomat lemmikkimme. Rakkaus k\u00e4dentaitoihin, vanhojen aarteiden kunnioittaminen, tuunaaminen ja rakentaminen ovat perheen ja lemmikkien lis\u00e4ksi l\u00e4hinn\u00e4 syd\u00e4nt\u00e4ni. Inspiroiva ja niin ihanan hauska harrastus. Koti kaunis kuin pitsi -valkea unelma \u2013 esine ja nurkkaus kerrallaan. Kauniita yksityiskohtia sisustamiseen, jokaiselle jotakin. Uutta ja vanhaa sopivasti t\u00e4ydent\u00e4m\u00e4\u00e4n toisiaan.<\/p>\n<p><a href=\"https:\/\/i0.wp.com\/www.valkeaunelma.fi\/valk_www\/wp-content\/uploads\/2016\/05\/img_9705.jpg?ssl=1\"><img data-recalc-dims=\"1\" loading=\"lazy\" decoding=\"async\" class=\"alignnone size-full wp-image-1356\" src=\"https:\/\/i0.wp.com\/www.valkeaunelma.fi\/valk_www\/wp-content\/uploads\/2016\/05\/img_9705.jpg?resize=604%2C604&#038;ssl=1\" alt=\"\" width=\"604\" height=\"604\" srcset=\"https:\/\/i0.wp.com\/www.valkeaunelma.fi\/valk_www\/wp-content\/uploads\/2016\/05\/img_9705.jpg?w=1024&amp;ssl=1 1024w, https:\/\/i0.wp.com\/www.valkeaunelma.fi\/valk_www\/wp-content\/uploads\/2016\/05\/img_9705.jpg?resize=150%2C150&amp;ssl=1 150w, https:\/\/i0.wp.com\/www.valkeaunelma.fi\/valk_www\/wp-content\/uploads\/2016\/05\/img_9705.jpg?resize=300%2C300&amp;ssl=1 300w, https:\/\/i0.wp.com\/www.valkeaunelma.fi\/valk_www\/wp-content\/uploads\/2016\/05\/img_9705.jpg?resize=768%2C768&amp;ssl=1 768w\" sizes=\"auto, (max-width: 604px) 100vw, 604px\" \/><\/a><\/p>\n","protected":false},"excerpt":{"rendered":"<p>Perheellinen nelj\u00e4n ihanan lapsen \u00e4iti. Perheeseen kuuluu my\u00f6s rakas aviomieheni sek\u00e4 karvaiset ja karvattomat lemmikkimme. Rakkaus k\u00e4dentaitoihin, vanhojen aarteiden kunnioittaminen, tuunaaminen ja rakentaminen ovat perheen ja lemmikkien lis\u00e4ksi l\u00e4hinn\u00e4 syd\u00e4nt\u00e4ni. Inspiroiva ja niin ihanan hauska harrastus. Koti kaunis kuin pitsi -valkea unelma \u2013 esine ja nurkkaus kerrallaan. Kauniita yksityiskohtia sisustamiseen, jokaiselle jotakin. Uutta ja vanhaa &hellip; <a href=\"https:\/\/www.valkeaunelma.fi\/valk_www\/?page_id=4\" class=\"more-link\">Jatka lukemista <span class=\"screen-reader-text\">Min\u00e4<\/span> <span class=\"meta-nav\">&rarr;<\/span><\/a><\/p>\n","protected":false},"author":1,"featured_media":0,"parent":0,"menu_order":0,"comment_status":"open","ping_status":"open","template":"","meta":{"ngg_post_thumbnail":0,"footnotes":""},"class_list":["post-4","page","type-page","status-publish","hentry"],"jetpack_sharing_enabled":true,"_links":{"self":[{"href":"https:\/\/www.valkeaunelma.fi\/valk_www\/index.php?rest_route=\/wp\/v2\/pages\/4","targetHints":{"allow":["GET"]}}],"collection":[{"href":"https:\/\/www.valkeaunelma.fi\/valk_www\/index.php?rest_route=\/wp\/v2\/pages"}],"about":[{"href":"https:\/\/www.valkeaunelma.fi\/valk_www\/index.php?rest_route=\/wp\/v2\/types\/page"}],"author":[{"embeddable":true,"href":"https:\/\/www.valkeaunelma.fi\/valk_www\/index.php?rest_route=\/wp\/v2\/users\/1"}],"replies":[{"embeddable":true,"href":"https:\/\/www.valkeaunelma.fi\/valk_www\/index.php?rest_route=%2Fwp%2Fv2%2Fcomments&post=4"}],"version-history":[{"count":2,"href":"https:\/\/www.valkeaunelma.fi\/valk_www\/index.php?rest_route=\/wp\/v2\/pages\/4\/revisions"}],"predecessor-version":[{"id":3138,"href":"https:\/\/www.valkeaunelma.fi\/valk_www\/index.php?rest_route=\/wp\/v2\/pages\/4\/revisions\/3138"}],"wp:attachment":[{"href":"https:\/\/www.valkeaunelma.fi\/valk_www\/index.php?rest_route=%2Fwp%2Fv2%2Fmedia&parent=4"}],"curies":[{"name":"wp","href":"https:\/\/api.w.org\/{rel}","templated":true}]}}